{"id":46,"date":"2017-10-08T09:29:19","date_gmt":"2017-10-08T09:29:19","guid":{"rendered":"http:\/\/wp.vdrm.de\/?page_id=46"},"modified":"2024-04-24T06:24:36","modified_gmt":"2024-04-24T05:24:36","slug":"kontakte","status":"publish","type":"page","link":"https:\/\/www.vdrm.de\/?page_id=46","title":{"rendered":"Kontakte"},"content":{"rendered":"<h2>VdRM Kontakte<\/h2>\r\n<div class=\"category-desc\">\r\n<table style=\"height: 341px;\" width=\"583\">\r\n<thead>\r\n<tr>\r\n<td><strong>Name<\/strong><\/td>\r\n<td><strong>Position<\/strong><\/td>\r\n<td><strong>Telefon<\/strong><\/td>\r\n<td><strong>Ort<\/strong><\/td>\r\n<\/tr>\r\n<\/thead>\r\n<tbody>\r\n<tr>\r\n<td>Stefan Vo\u00df<\/td>\r\n<td>1.Vorsitzender<\/td>\r\n<td>02563\/400732<\/td>\r\n<td>Stadtlohn<\/td>\r\n<\/tr>\r\n<tr>\r\n<td>Markus van Ledden<\/td>\r\n<td>2. Vorsitzender<\/td>\r\n<td>01629842870<\/td>\r\n<td>\u00a0H\u00f6rstel<\/td>\r\n<\/tr>\r\n<tr>\r\n<td>Vo\u00df Gisela<\/td>\r\n<td>1. Schriftf\u00fchrerin<\/td>\r\n<td>02563\/400732<\/td>\r\n<td>Stadtlohn<\/td>\r\n<\/tr>\r\n<tr>\r\n<td>Norbert Weiling<\/td>\r\n<td>2.Schriftf\u00fchrer<\/td>\r\n<td>02563\/ 4483<\/td>\r\n<td>Stadtlohn<\/td>\r\n<\/tr>\r\n<tr>\r\n<td>Tono Gruber<\/td>\r\n<td>1. Kassierer \/<br \/>Jugendobmann<\/td>\r\n<td>05971 75 54<\/td>\r\n<td>\u00a0Rheine<\/td>\r\n<\/tr>\r\n<tr>\r\n<td>Alf Segbert<\/td>\r\n<td>\r\n<p>2. Kassierer\/<\/p>\r\n<p>Zuchtwart<\/p>\r\n<\/td>\r\n<td>02561 2391<\/td>\r\n<td>\r\n<p>\u00a0Ahaus<\/p>\r\n<\/td>\r\n<\/tr>\r\n<\/tbody>\r\n<\/table>\r\n<p>Heinrich Schnieder\u00a0 \u00a0 \u00a0 \u00a0 \u00a0 \u00a0 \u00a0Ausstellungsleiter\u00a0 \u00a0 \u00a0 \u00a0 \u00a0 \u00a0025514843\u00a0 \u00a0 \u00a0 \u00a0 \u00a0 \u00a0 \u00a0 \u00a0 Steinfurt<\/p>\r\n<\/div>\r\n\r\n<p>&nbsp;<\/p>\r\n","protected":false},"excerpt":{"rendered":"<p>VdRM Kontakte Name Position Telefon Ort Stefan Vo\u00df 1.Vorsitzender 02563\/400732 Stadtlohn Markus van Ledden 2. Vorsitzender 01629842870 \u00a0H\u00f6rstel Vo\u00df Gisela 1. Schriftf\u00fchrerin 02563\/400732 Stadtlohn Norbert Weiling 2.Schriftf\u00fchrer 02563\/ 4483 Stadtlohn Tono Gruber 1. Kassierer \/Jugendobmann 05971 75 54 \u00a0Rheine Alf &hellip; <a href=\"https:\/\/www.vdrm.de\/?page_id=46\">Weiterlesen <span class=\"meta-nav\">&rarr;<\/span><\/a><\/p>\n","protected":false},"author":1,"featured_media":0,"parent":23,"menu_order":0,"comment_status":"closed","ping_status":"closed","template":"","meta":{"footnotes":""},"class_list":["post-46","page","type-page","status-publish","hentry"],"_links":{"self":[{"href":"https:\/\/www.vdrm.de\/index.php?rest_route=\/wp\/v2\/pages\/46","targetHints":{"allow":["GET"]}}],"collection":[{"href":"https:\/\/www.vdrm.de\/index.php?rest_route=\/wp\/v2\/pages"}],"about":[{"href":"https:\/\/www.vdrm.de\/index.php?rest_route=\/wp\/v2\/types\/page"}],"author":[{"embeddable":true,"href":"https:\/\/www.vdrm.de\/index.php?rest_route=\/wp\/v2\/users\/1"}],"replies":[{"embeddable":true,"href":"https:\/\/www.vdrm.de\/index.php?rest_route=%2Fwp%2Fv2%2Fcomments&post=46"}],"version-history":[{"count":12,"href":"https:\/\/www.vdrm.de\/index.php?rest_route=\/wp\/v2\/pages\/46\/revisions"}],"predecessor-version":[{"id":683,"href":"https:\/\/www.vdrm.de\/index.php?rest_route=\/wp\/v2\/pages\/46\/revisions\/683"}],"up":[{"embeddable":true,"href":"https:\/\/www.vdrm.de\/index.php?rest_route=\/wp\/v2\/pages\/23"}],"wp:attachment":[{"href":"https:\/\/www.vdrm.de\/index.php?rest_route=%2Fwp%2Fv2%2Fmedia&parent=46"}],"curies":[{"name":"wp","href":"https:\/\/api.w.org\/{rel}","templated":true}]}}