{"id":35,"date":"2017-10-08T09:24:32","date_gmt":"2017-10-08T09:24:32","guid":{"rendered":"http:\/\/wp.vdrm.de\/?page_id=35"},"modified":"2019-04-19T18:01:20","modified_gmt":"2019-04-19T17:01:20","slug":"datenschutz","status":"publish","type":"page","link":"https:\/\/www.vdrm.de\/?page_id=35","title":{"rendered":"Datenschutz"},"content":{"rendered":"<h1>Datenschutzerkl\u00e4rung<\/h1>\n<p>Der Schutz Ihrer Privatsph\u00e4re bei der Nutzung unserer Webseiten ist uns wichtig.<br \/>\nDaher nehmen Sie bitte nachstehende Informationen zur Kenntnis:<br \/>\nAnonyme Datenerhebung<\/p>\n<p>Sie k\u00f6nnen die Webseiten der Vereinigung der Rassetaubenz\u00fcchter M\u00fcnsterland e.V. grunds\u00e4tzlich besuchen, ohne uns mitzuteilen, wer Sie sind. Wir erfahren nur den Namen Ihres Internet Service Providers, die Webseite, von der aus Sie uns besuchen, und die Webseiten die Sie bei uns besuchen. Diese Informationen werden zu statistischen Zwecken ausgewertet. Sie bleiben als einzelner Nutzer hierbei anonym.<br \/>\nErhebung und Verarbeitung personenbezogener Daten<\/p>\n<p>Personenbezogene Daten werden auf unseren der rein informativen\u00a0Internet-Seiten nicht erhoben.<br \/>\nExport und Verarbeitung der Daten in Staaten au\u00dferhalb des Europ\u00e4ischen Wirtschaftsraumes<\/p>\n<p>Ein Export oder eine Verarbeitung Ihrer Daten in Staaten au\u00dferhalb des Europ\u00e4ischen Wirtschaftsraumes findet nicht statt.<br \/>\nNutzung und Weitergabe personenbezogener Daten<\/p>\n<p>Da auf unseren Seiten zum Informationsabruf keine personenbezogenen Daten erhoben werden, kann auch keine Nutzung und Weitergabe erfolgen.<br \/>\nExteme Links<\/p>\n<p>Zu lhrer optimalen Information finden Sie auf unseren Seiten Links, die auf Seiten Dritter verweisen. Soweit solche Links nicht offensichtlich erkennbar sind, weisen wir Sie darauf hin, dass es sich um einen externen Link handelt. Die Vereinigung der Rassetaubenz\u00fcchter M\u00fcnsterland e.V. hat keinerlei Einfluss auf den Inhalt und die Gestaltung dieser Seiten anderer Anbieter. Die Garantien dieser Datenschutzerkl\u00e4rung gelten daher selbstverst\u00e4ndlich dort nicht.<br \/>\nWeitere Informationen und Kontakte<\/p>\n<p>Wenn Sie weitere Fragen zum Thema &#8222;Datenschutz bei\u00a0der Vereinigung der Rassetaubenz\u00fcchter M\u00fcnsterland e.V.&#8220; haben, k\u00f6nnen Sie Ausk\u00fcnfte zu Ihren Daten und gerne auch Anregungen jederzeit per E-Mail oder Brief an folgende Adresse senden:<\/p>\n<p align=\"center\">Stefan Vo\u00df<br \/>\nBakenstra\u00dfe 26<br \/>\n48703 Stadtlohn<br \/>\nE-Mail:\u00a0\u00a0<a href=\"mailto:stefan-voss@versanet.de\">stefan-voss67@web.de<\/a><\/p>\n","protected":false},"excerpt":{"rendered":"<p>Datenschutzerkl\u00e4rung Der Schutz Ihrer Privatsph\u00e4re bei der Nutzung unserer Webseiten ist uns wichtig. Daher nehmen Sie bitte nachstehende Informationen zur Kenntnis: Anonyme Datenerhebung Sie k\u00f6nnen die Webseiten der Vereinigung der Rassetaubenz\u00fcchter M\u00fcnsterland e.V. grunds\u00e4tzlich besuchen, ohne uns mitzuteilen, wer Sie &hellip; <a href=\"https:\/\/www.vdrm.de\/?page_id=35\">Weiterlesen <span class=\"meta-nav\">&rarr;<\/span><\/a><\/p>\n","protected":false},"author":1,"featured_media":0,"parent":33,"menu_order":0,"comment_status":"closed","ping_status":"closed","template":"","meta":{"footnotes":""},"class_list":["post-35","page","type-page","status-publish","hentry"],"_links":{"self":[{"href":"https:\/\/www.vdrm.de\/index.php?rest_route=\/wp\/v2\/pages\/35","targetHints":{"allow":["GET"]}}],"collection":[{"href":"https:\/\/www.vdrm.de\/index.php?rest_route=\/wp\/v2\/pages"}],"about":[{"href":"https:\/\/www.vdrm.de\/index.php?rest_route=\/wp\/v2\/types\/page"}],"author":[{"embeddable":true,"href":"https:\/\/www.vdrm.de\/index.php?rest_route=\/wp\/v2\/users\/1"}],"replies":[{"embeddable":true,"href":"https:\/\/www.vdrm.de\/index.php?rest_route=%2Fwp%2Fv2%2Fcomments&post=35"}],"version-history":[{"count":3,"href":"https:\/\/www.vdrm.de\/index.php?rest_route=\/wp\/v2\/pages\/35\/revisions"}],"predecessor-version":[{"id":411,"href":"https:\/\/www.vdrm.de\/index.php?rest_route=\/wp\/v2\/pages\/35\/revisions\/411"}],"up":[{"embeddable":true,"href":"https:\/\/www.vdrm.de\/index.php?rest_route=\/wp\/v2\/pages\/33"}],"wp:attachment":[{"href":"https:\/\/www.vdrm.de\/index.php?rest_route=%2Fwp%2Fv2%2Fmedia&parent=35"}],"curies":[{"name":"wp","href":"https:\/\/api.w.org\/{rel}","templated":true}]}}