{"id":28,"date":"2017-10-08T09:16:43","date_gmt":"2017-10-08T09:16:43","guid":{"rendered":"http:\/\/wp.vdrm.de\/?page_id=28"},"modified":"2025-10-04T09:30:26","modified_gmt":"2025-10-04T08:30:26","slug":"vorstand","status":"publish","type":"page","link":"https:\/\/www.vdrm.de\/?page_id=28","title":{"rendered":"Vorstand"},"content":{"rendered":"<h1>Der Vorstand der Vereinigung der Rassetaubenz\u00fcchter M\u00fcnsterland e.V. gegr.1977<\/h1>\n<h1>1. Vorsitzender: Stefan Vo\u00df, Bakenstra\u00dfe 26, 48703 Stadtlohn, 02563\/400732, stefan-voss67@web.de<\/h1>\n<p><img loading=\"lazy\" decoding=\"async\" class=\"alignnone size-medium wp-image-390\" src=\"https:\/\/www.vdrm.de\/wp-content\/uploads\/2019\/01\/IMG_1071-1-e1548089519439-225x300.jpg\" alt=\"\" width=\"225\" height=\"300\" srcset=\"https:\/\/www.vdrm.de\/wp-content\/uploads\/2019\/01\/IMG_1071-1-e1548089519439-225x300.jpg 225w, https:\/\/www.vdrm.de\/wp-content\/uploads\/2019\/01\/IMG_1071-1-e1548089519439-768x1024.jpg 768w\" sizes=\"auto, (max-width: 225px) 100vw, 225px\" \/><\/p>\n<h1>2. Vorsitzender Markus van Ledeen, Kleiner Send 13, 48477 H\u00f6rstel, 05459\/936969, Markus.van Ledden@GMX.de<\/h1>\n<p><img loading=\"lazy\" decoding=\"async\" class=\"alignnone size-medium wp-image-523\" src=\"https:\/\/www.vdrm.de\/wp-content\/uploads\/2021\/07\/CIMG5545-225x300.jpg\" alt=\"\" width=\"225\" height=\"300\" srcset=\"https:\/\/www.vdrm.de\/wp-content\/uploads\/2021\/07\/CIMG5545-225x300.jpg 225w, https:\/\/www.vdrm.de\/wp-content\/uploads\/2021\/07\/CIMG5545-768x1024.jpg 768w, https:\/\/www.vdrm.de\/wp-content\/uploads\/2021\/07\/CIMG5545-1152x1536.jpg 1152w, https:\/\/www.vdrm.de\/wp-content\/uploads\/2021\/07\/CIMG5545-1536x2048.jpg 1536w, https:\/\/www.vdrm.de\/wp-content\/uploads\/2021\/07\/CIMG5545-scaled.jpg 1920w\" sizes=\"auto, (max-width: 225px) 100vw, 225px\" \/><\/p>\n<h1>1. Schriftf\u00fchrer: Gisela Vo\u00df, Bakenstra\u00dfe 26, 48703 Stadtlohn, 02563\/400732, voss-gisela@web.de<\/h1>\n<p><img loading=\"lazy\" decoding=\"async\" class=\"alignnone size-medium wp-image-524\" src=\"https:\/\/www.vdrm.de\/wp-content\/uploads\/2021\/07\/CIMG5546-225x300.jpg\" alt=\"\" width=\"225\" height=\"300\" srcset=\"https:\/\/www.vdrm.de\/wp-content\/uploads\/2021\/07\/CIMG5546-225x300.jpg 225w, https:\/\/www.vdrm.de\/wp-content\/uploads\/2021\/07\/CIMG5546-768x1024.jpg 768w, https:\/\/www.vdrm.de\/wp-content\/uploads\/2021\/07\/CIMG5546-1152x1536.jpg 1152w, https:\/\/www.vdrm.de\/wp-content\/uploads\/2021\/07\/CIMG5546-1536x2048.jpg 1536w, https:\/\/www.vdrm.de\/wp-content\/uploads\/2021\/07\/CIMG5546-scaled.jpg 1920w\" sizes=\"auto, (max-width: 225px) 100vw, 225px\" \/><\/p>\n<h1>2. Schriftf\u00fchrer: Norbert Weiling, D\u00f6bbelskamp 13, 48703 Stadtlohn, 02563\/4483 <strong>weilingnorbert1@gmail.com<\/strong><\/h1>\n<p><img loading=\"lazy\" decoding=\"async\" class=\"alignnone size-medium wp-image-525\" src=\"https:\/\/www.vdrm.de\/wp-content\/uploads\/2021\/07\/CIMG5547-225x300.jpg\" alt=\"\" width=\"225\" height=\"300\" srcset=\"https:\/\/www.vdrm.de\/wp-content\/uploads\/2021\/07\/CIMG5547-225x300.jpg 225w, https:\/\/www.vdrm.de\/wp-content\/uploads\/2021\/07\/CIMG5547-768x1024.jpg 768w, https:\/\/www.vdrm.de\/wp-content\/uploads\/2021\/07\/CIMG5547-1152x1536.jpg 1152w, https:\/\/www.vdrm.de\/wp-content\/uploads\/2021\/07\/CIMG5547-1536x2048.jpg 1536w, https:\/\/www.vdrm.de\/wp-content\/uploads\/2021\/07\/CIMG5547-scaled.jpg 1920w\" sizes=\"auto, (max-width: 225px) 100vw, 225px\" \/><\/p>\n<p><strong>1. Kassierer Tono Gruber, Bevergernerstra\u00dfe 81, 48429 Rheine, 05971\/7554, tono.gruber@Hoevener-Spedition.de<\/strong><\/p>\n<p><img loading=\"lazy\" decoding=\"async\" class=\"alignnone wp-image-116\" src=\"https:\/\/www.vdrm.de\/wp-content\/uploads\/2017\/10\/tono_neu-230x300.jpg\" alt=\"\" width=\"177\" height=\"228\" \/><\/p>\n<h1>2. Kassierer u. Zuchtwart: Alf Segbert, Rosenthal 115, 48683 Ahaus, 02561\/2391, alfsegbert@gmail.com<\/h1>\n<p><img loading=\"lazy\" decoding=\"async\" class=\"alignnone wp-image-418\" src=\"https:\/\/www.vdrm.de\/wp-content\/uploads\/2019\/05\/Alf-Segbert-218x300.jpg\" alt=\"\" width=\"172\" height=\"232\" \/><\/p>\n","protected":false},"excerpt":{"rendered":"<p>Der Vorstand der Vereinigung der Rassetaubenz\u00fcchter M\u00fcnsterland e.V. gegr.1977 1. Vorsitzender: Stefan Vo\u00df, Bakenstra\u00dfe 26, 48703 Stadtlohn, 02563\/400732, stefan-voss67@web.de 2. Vorsitzender Markus van Ledeen, Kleiner Send 13, 48477 H\u00f6rstel, 05459\/936969, Markus.van Ledden@GMX.de 1. Schriftf\u00fchrer: Gisela Vo\u00df, Bakenstra\u00dfe 26, 48703 Stadtlohn, &hellip; <a href=\"https:\/\/www.vdrm.de\/?page_id=28\">Weiterlesen <span class=\"meta-nav\">&rarr;<\/span><\/a><\/p>\n","protected":false},"author":1,"featured_media":0,"parent":0,"menu_order":20,"comment_status":"closed","ping_status":"closed","template":"","meta":{"footnotes":""},"class_list":["post-28","page","type-page","status-publish","hentry"],"_links":{"self":[{"href":"https:\/\/www.vdrm.de\/index.php?rest_route=\/wp\/v2\/pages\/28","targetHints":{"allow":["GET"]}}],"collection":[{"href":"https:\/\/www.vdrm.de\/index.php?rest_route=\/wp\/v2\/pages"}],"about":[{"href":"https:\/\/www.vdrm.de\/index.php?rest_route=\/wp\/v2\/types\/page"}],"author":[{"embeddable":true,"href":"https:\/\/www.vdrm.de\/index.php?rest_route=\/wp\/v2\/users\/1"}],"replies":[{"embeddable":true,"href":"https:\/\/www.vdrm.de\/index.php?rest_route=%2Fwp%2Fv2%2Fcomments&post=28"}],"version-history":[{"count":20,"href":"https:\/\/www.vdrm.de\/index.php?rest_route=\/wp\/v2\/pages\/28\/revisions"}],"predecessor-version":[{"id":715,"href":"https:\/\/www.vdrm.de\/index.php?rest_route=\/wp\/v2\/pages\/28\/revisions\/715"}],"wp:attachment":[{"href":"https:\/\/www.vdrm.de\/index.php?rest_route=%2Fwp%2Fv2%2Fmedia&parent=28"}],"curies":[{"name":"wp","href":"https:\/\/api.w.org\/{rel}","templated":true}]}}