{"id":13,"date":"2017-10-08T09:10:20","date_gmt":"2017-10-08T09:10:20","guid":{"rendered":"http:\/\/wp.vdrm.de\/?page_id=13"},"modified":"2019-05-07T16:32:17","modified_gmt":"2019-05-07T15:32:17","slug":"startseite","status":"publish","type":"page","link":"https:\/\/www.vdrm.de\/","title":{"rendered":"Willkommen"},"content":{"rendered":"<h1 style=\"text-align: center;\">Herzlich Willkommen<\/h1>\n<p style=\"text-align: center;\">auf der \u00a0Internetpr\u00e4senz der<\/p>\n<p style=\"text-align: center;\">Vereinigung der Rassetaubenz\u00fcchter M\u00fcnsterland e.V.<\/p>\n<h1 style=\"text-align: center;\"><strong>\u00a0<\/strong>Wir unterst\u00fctzen Sie bei dem Aufbau Ihrer Zucht und dem Beschaffen von Zuchttieren!<\/h1>\n<p style=\"text-align: center;\">Setzen Sie sich mit uns\u00a0\u00fcber die Kontaktformulare in\u00a0Verbindung.<\/p>\n<p style=\"text-align: center;\">Der Vorstand<\/p>\n<p><img loading=\"lazy\" decoding=\"async\" class=\"wp-image-247 aligncenter\" src=\"https:\/\/www.vdrm.de\/wp-content\/uploads\/2017\/10\/vdrm-1-1-300x43.png\" alt=\"\" width=\"346\" height=\"61\" \/><\/p>\n","protected":false},"excerpt":{"rendered":"<p>Herzlich Willkommen auf der \u00a0Internetpr\u00e4senz der Vereinigung der Rassetaubenz\u00fcchter M\u00fcnsterland e.V. \u00a0Wir unterst\u00fctzen Sie bei dem Aufbau Ihrer Zucht und dem Beschaffen von Zuchttieren! Setzen Sie sich mit uns\u00a0\u00fcber die Kontaktformulare in\u00a0Verbindung. Der Vorstand<\/p>\n","protected":false},"author":1,"featured_media":0,"parent":0,"menu_order":0,"comment_status":"closed","ping_status":"closed","template":"","meta":{"footnotes":""},"class_list":["post-13","page","type-page","status-publish","hentry"],"_links":{"self":[{"href":"https:\/\/www.vdrm.de\/index.php?rest_route=\/wp\/v2\/pages\/13","targetHints":{"allow":["GET"]}}],"collection":[{"href":"https:\/\/www.vdrm.de\/index.php?rest_route=\/wp\/v2\/pages"}],"about":[{"href":"https:\/\/www.vdrm.de\/index.php?rest_route=\/wp\/v2\/types\/page"}],"author":[{"embeddable":true,"href":"https:\/\/www.vdrm.de\/index.php?rest_route=\/wp\/v2\/users\/1"}],"replies":[{"embeddable":true,"href":"https:\/\/www.vdrm.de\/index.php?rest_route=%2Fwp%2Fv2%2Fcomments&post=13"}],"version-history":[{"count":16,"href":"https:\/\/www.vdrm.de\/index.php?rest_route=\/wp\/v2\/pages\/13\/revisions"}],"predecessor-version":[{"id":421,"href":"https:\/\/www.vdrm.de\/index.php?rest_route=\/wp\/v2\/pages\/13\/revisions\/421"}],"wp:attachment":[{"href":"https:\/\/www.vdrm.de\/index.php?rest_route=%2Fwp%2Fv2%2Fmedia&parent=13"}],"curies":[{"name":"wp","href":"https:\/\/api.w.org\/{rel}","templated":true}]}}